{"id":4318,"date":"2022-01-29T23:10:16","date_gmt":"2022-01-29T22:10:16","guid":{"rendered":"http:\/\/mycelyan.com\/?post_type=product&#038;p=4318"},"modified":"2024-12-12T11:51:07","modified_gmt":"2024-12-12T10:51:07","slug":"classic-edition-red-2","status":"publish","type":"product","link":"https:\/\/mycelyan.com\/index.php\/product\/classic-edition-red-2\/","title":{"rendered":"Leyla&rsquo;s Classic Edition For Women"},"content":{"rendered":"<p><strong>Haut<\/strong><\/p>\n<ul>\n<li>2 Grandes poches plaqu\u00e9es incurv\u00e9es<\/li>\n<li>1 poche poitrine avec passant pour stylos<\/li>\n<li>pince du dos<\/li>\n<li>Col en V moderne<\/li>\n<li>Ourlet fendu sur le c\u00f4t\u00e9<\/li>\n<\/ul>\n<p><strong>Pantalon<\/strong><\/p>\n<ul>\n<li>2 Poches lat\u00e9rales<\/li>\n<li>2 Poches cargo lat\u00e9rales<\/li>\n<li>2 Poche arri\u00e8re<\/li>\n<li>Coupe droite<\/li>\n<li>Ceinture \u00e9lastique<\/li>\n<\/ul>\n","protected":false},"excerpt":{"rendered":"<p><strong>Haut<\/strong><\/p>\n<ul>\n<li>2 Grandes poches plaqu\u00e9es incurv\u00e9es<\/li>\n<li>1 poche poitrine avec passant pour stylos<\/li>\n<li>pince du dos<\/li>\n<li>Col en V moderne<\/li>\n<li>Ourlet fendu sur le c\u00f4t\u00e9<\/li>\n<\/ul>\n<p><strong>Pantalon<\/strong><\/p>\n<ul>\n<li>2 Poches lat\u00e9rales<\/li>\n<li>2 Poches cargo lat\u00e9rales<\/li>\n<li>2 Poche arri\u00e8re<\/li>\n<li>Coupe droite<\/li>\n<li>Ceinture \u00e9lastique<\/li>\n<\/ul>\n","protected":false},"featured_media":4226,"comment_status":"open","ping_status":"closed","template":"","meta":{"_monsterinsights_skip_tracking":false,"_monsterinsights_sitenote_active":false,"_monsterinsights_sitenote_note":"","_monsterinsights_sitenote_category":0},"product_cat":[54],"product_tag":[],"class_list":{"0":"post-4318","1":"product","2":"type-product","3":"status-publish","4":"has-post-thumbnail","6":"product_cat-woman","8":"first","9":"onbackorder","10":"sale","11":"shipping-taxable","12":"purchasable","13":"product-type-variable","14":"has-default-attributes"},"yoast_head":"<!-- This site is optimized with the Yoast SEO plugin v26.8 - https:\/\/yoast.com\/product\/yoast-seo-wordpress\/ -->\n<title>Leyla&#039;s Classic Edition For Women - Celyan<\/title>\n<meta name=\"robots\" content=\"index, follow, max-snippet:-1, max-image-preview:large, max-video-preview:-1\" \/>\n<link rel=\"canonical\" href=\"https:\/\/mycelyan.com\/index.php\/product\/classic-edition-red-2\/\" \/>\n<meta property=\"og:locale\" content=\"fr_FR\" \/>\n<meta property=\"og:type\" content=\"article\" \/>\n<meta property=\"og:title\" content=\"Leyla&#039;s Classic Edition For Women - Celyan\" \/>\n<meta property=\"og:description\" content=\"Haut   2 Grandes poches plaqu\u00e9es incurv\u00e9es  1 poche poitrine avec passant pour stylos  pince du dos  Col en V moderne  Ourlet fendu sur le c\u00f4t\u00e9  Pantalon   2 Poches lat\u00e9rales  2 Poches cargo lat\u00e9rales  2 Poche arri\u00e8re  Coupe droite  Ceinture \u00e9lastique\" \/>\n<meta property=\"og:url\" content=\"https:\/\/mycelyan.com\/index.php\/product\/classic-edition-red-2\/\" \/>\n<meta property=\"og:site_name\" content=\"Celyan\" \/>\n<meta property=\"article:modified_time\" content=\"2024-12-12T10:51:07+00:00\" \/>\n<meta property=\"og:image\" content=\"http:\/\/mycelyan.com\/wp-content\/uploads\/2022\/01\/PRS05368-copy-2-min-scaled.jpg\" \/>\n\t<meta property=\"og:image:width\" content=\"1829\" \/>\n\t<meta property=\"og:image:height\" content=\"2560\" \/>\n\t<meta property=\"og:image:type\" content=\"image\/jpeg\" \/>\n<meta name=\"twitter:card\" content=\"summary_large_image\" \/>\n<meta name=\"twitter:label1\" content=\"Dur\u00e9e de lecture estim\u00e9e\" \/>\n\t<meta name=\"twitter:data1\" content=\"1 minute\" \/>\n<script type=\"application\/ld+json\" class=\"yoast-schema-graph\">{\"@context\":\"https:\/\/schema.org\",\"@graph\":[{\"@type\":\"WebPage\",\"@id\":\"https:\/\/mycelyan.com\/index.php\/product\/classic-edition-red-2\/\",\"url\":\"https:\/\/mycelyan.com\/index.php\/product\/classic-edition-red-2\/\",\"name\":\"Leyla's Classic Edition For Women - Celyan\",\"isPartOf\":{\"@id\":\"https:\/\/mycelyan.com\/#website\"},\"primaryImageOfPage\":{\"@id\":\"https:\/\/mycelyan.com\/index.php\/product\/classic-edition-red-2\/#primaryimage\"},\"image\":{\"@id\":\"https:\/\/mycelyan.com\/index.php\/product\/classic-edition-red-2\/#primaryimage\"},\"thumbnailUrl\":\"https:\/\/mycelyan.com\/wp-content\/uploads\/2022\/01\/PRS05368-copy-2-min-scaled.jpg\",\"datePublished\":\"2022-01-29T22:10:16+00:00\",\"dateModified\":\"2024-12-12T10:51:07+00:00\",\"breadcrumb\":{\"@id\":\"https:\/\/mycelyan.com\/index.php\/product\/classic-edition-red-2\/#breadcrumb\"},\"inLanguage\":\"fr-FR\",\"potentialAction\":[{\"@type\":\"ReadAction\",\"target\":[\"https:\/\/mycelyan.com\/index.php\/product\/classic-edition-red-2\/\"]}]},{\"@type\":\"ImageObject\",\"inLanguage\":\"fr-FR\",\"@id\":\"https:\/\/mycelyan.com\/index.php\/product\/classic-edition-red-2\/#primaryimage\",\"url\":\"https:\/\/mycelyan.com\/wp-content\/uploads\/2022\/01\/PRS05368-copy-2-min-scaled.jpg\",\"contentUrl\":\"https:\/\/mycelyan.com\/wp-content\/uploads\/2022\/01\/PRS05368-copy-2-min-scaled.jpg\",\"width\":1829,\"height\":2560},{\"@type\":\"BreadcrumbList\",\"@id\":\"https:\/\/mycelyan.com\/index.php\/product\/classic-edition-red-2\/#breadcrumb\",\"itemListElement\":[{\"@type\":\"ListItem\",\"position\":1,\"name\":\"Accueil\",\"item\":\"https:\/\/mycelyan.com\/\"},{\"@type\":\"ListItem\",\"position\":2,\"name\":\"Shop\",\"item\":\"https:\/\/mycelyan.com\/index.php\/shop\/\"},{\"@type\":\"ListItem\",\"position\":3,\"name\":\"Leyla&rsquo;s Classic Edition For Women\"}]},{\"@type\":\"WebSite\",\"@id\":\"https:\/\/mycelyan.com\/#website\",\"url\":\"https:\/\/mycelyan.com\/\",\"name\":\"Celyan\",\"description\":\"Celyan Unfirom Store\",\"potentialAction\":[{\"@type\":\"SearchAction\",\"target\":{\"@type\":\"EntryPoint\",\"urlTemplate\":\"https:\/\/mycelyan.com\/?s={search_term_string}\"},\"query-input\":{\"@type\":\"PropertyValueSpecification\",\"valueRequired\":true,\"valueName\":\"search_term_string\"}}],\"inLanguage\":\"fr-FR\"}]}<\/script>\n<!-- \/ Yoast SEO plugin. -->","yoast_head_json":{"title":"Leyla's Classic Edition For Women - Celyan","robots":{"index":"index","follow":"follow","max-snippet":"max-snippet:-1","max-image-preview":"max-image-preview:large","max-video-preview":"max-video-preview:-1"},"canonical":"https:\/\/mycelyan.com\/index.php\/product\/classic-edition-red-2\/","og_locale":"fr_FR","og_type":"article","og_title":"Leyla's Classic Edition For Women - Celyan","og_description":"Haut   2 Grandes poches plaqu\u00e9es incurv\u00e9es  1 poche poitrine avec passant pour stylos  pince du dos  Col en V moderne  Ourlet fendu sur le c\u00f4t\u00e9  Pantalon   2 Poches lat\u00e9rales  2 Poches cargo lat\u00e9rales  2 Poche arri\u00e8re  Coupe droite  Ceinture \u00e9lastique","og_url":"https:\/\/mycelyan.com\/index.php\/product\/classic-edition-red-2\/","og_site_name":"Celyan","article_modified_time":"2024-12-12T10:51:07+00:00","og_image":[{"width":1829,"height":2560,"url":"http:\/\/mycelyan.com\/wp-content\/uploads\/2022\/01\/PRS05368-copy-2-min-scaled.jpg","type":"image\/jpeg"}],"twitter_card":"summary_large_image","twitter_misc":{"Dur\u00e9e de lecture estim\u00e9e":"1 minute"},"schema":{"@context":"https:\/\/schema.org","@graph":[{"@type":"WebPage","@id":"https:\/\/mycelyan.com\/index.php\/product\/classic-edition-red-2\/","url":"https:\/\/mycelyan.com\/index.php\/product\/classic-edition-red-2\/","name":"Leyla's Classic Edition For Women - Celyan","isPartOf":{"@id":"https:\/\/mycelyan.com\/#website"},"primaryImageOfPage":{"@id":"https:\/\/mycelyan.com\/index.php\/product\/classic-edition-red-2\/#primaryimage"},"image":{"@id":"https:\/\/mycelyan.com\/index.php\/product\/classic-edition-red-2\/#primaryimage"},"thumbnailUrl":"https:\/\/mycelyan.com\/wp-content\/uploads\/2022\/01\/PRS05368-copy-2-min-scaled.jpg","datePublished":"2022-01-29T22:10:16+00:00","dateModified":"2024-12-12T10:51:07+00:00","breadcrumb":{"@id":"https:\/\/mycelyan.com\/index.php\/product\/classic-edition-red-2\/#breadcrumb"},"inLanguage":"fr-FR","potentialAction":[{"@type":"ReadAction","target":["https:\/\/mycelyan.com\/index.php\/product\/classic-edition-red-2\/"]}]},{"@type":"ImageObject","inLanguage":"fr-FR","@id":"https:\/\/mycelyan.com\/index.php\/product\/classic-edition-red-2\/#primaryimage","url":"https:\/\/mycelyan.com\/wp-content\/uploads\/2022\/01\/PRS05368-copy-2-min-scaled.jpg","contentUrl":"https:\/\/mycelyan.com\/wp-content\/uploads\/2022\/01\/PRS05368-copy-2-min-scaled.jpg","width":1829,"height":2560},{"@type":"BreadcrumbList","@id":"https:\/\/mycelyan.com\/index.php\/product\/classic-edition-red-2\/#breadcrumb","itemListElement":[{"@type":"ListItem","position":1,"name":"Accueil","item":"https:\/\/mycelyan.com\/"},{"@type":"ListItem","position":2,"name":"Shop","item":"https:\/\/mycelyan.com\/index.php\/shop\/"},{"@type":"ListItem","position":3,"name":"Leyla&rsquo;s Classic Edition For Women"}]},{"@type":"WebSite","@id":"https:\/\/mycelyan.com\/#website","url":"https:\/\/mycelyan.com\/","name":"Celyan","description":"Celyan Unfirom Store","potentialAction":[{"@type":"SearchAction","target":{"@type":"EntryPoint","urlTemplate":"https:\/\/mycelyan.com\/?s={search_term_string}"},"query-input":{"@type":"PropertyValueSpecification","valueRequired":true,"valueName":"search_term_string"}}],"inLanguage":"fr-FR"}]}},"jetpack_sharing_enabled":true,"_links":{"self":[{"href":"https:\/\/mycelyan.com\/index.php\/wp-json\/wp\/v2\/product\/4318","targetHints":{"allow":["GET"]}}],"collection":[{"href":"https:\/\/mycelyan.com\/index.php\/wp-json\/wp\/v2\/product"}],"about":[{"href":"https:\/\/mycelyan.com\/index.php\/wp-json\/wp\/v2\/types\/product"}],"replies":[{"embeddable":true,"href":"https:\/\/mycelyan.com\/index.php\/wp-json\/wp\/v2\/comments?post=4318"}],"wp:featuredmedia":[{"embeddable":true,"href":"https:\/\/mycelyan.com\/index.php\/wp-json\/wp\/v2\/media\/4226"}],"wp:attachment":[{"href":"https:\/\/mycelyan.com\/index.php\/wp-json\/wp\/v2\/media?parent=4318"}],"wp:term":[{"taxonomy":"product_cat","embeddable":true,"href":"https:\/\/mycelyan.com\/index.php\/wp-json\/wp\/v2\/product_cat?post=4318"},{"taxonomy":"product_tag","embeddable":true,"href":"https:\/\/mycelyan.com\/index.php\/wp-json\/wp\/v2\/product_tag?post=4318"}],"curies":[{"name":"wp","href":"https:\/\/api.w.org\/{rel}","templated":true}]}}